{"id":6976,"date":"2026-02-19T21:04:04","date_gmt":"2026-02-19T20:04:04","guid":{"rendered":"https:\/\/www.vgrstore.tn\/index.php\/product\/rouleau-papiers-a-cou-500-pieces-outils-coiffure-et-soins-barbe\/"},"modified":"2026-02-24T03:07:33","modified_gmt":"2026-02-24T02:07:33","slug":"rouleau-papiers-a-cou-500-pieces-outils-coiffure-et-soins-barbe","status":"publish","type":"product","link":"https:\/\/www.vgrstore.tn\/index.php\/product\/rouleau-papiers-a-cou-500-pieces-outils-coiffure-et-soins-barbe\/","title":{"rendered":"Rouleau Papiers \u00e0 Cou 500 pi\u00e8ces &#8211; Outils Coiffure et Soins Barbe"},"content":{"rendered":"<p>Rouleau Papiers \u00e0 Cou 500 pi\u00e8ces &#8211; Outils Coiffure et Soins Barbe<\/p>\n","protected":false},"excerpt":{"rendered":"<p>Rouleau Papiers \u00e0 Cou 500 pi\u00e8ces &#8211; Outils Coiffure et Soins Barbe<\/p>\n","protected":false},"featured_media":6975,"comment_status":"open","ping_status":"closed","template":"","meta":{"_uag_custom_page_level_css":"","site-sidebar-layout":"default","site-content-layout":"default","ast-global-header-display":"","ast-main-header-display":"","ast-hfb-above-header-display":"","ast-hfb-below-header-display":"","ast-hfb-mobile-header-display":"","site-post-title":"","ast-breadcrumbs-content":"","ast-featured-img":"","footer-sml-layout":"","theme-transparent-header-meta":"","adv-header-id-meta":"","stick-header-meta":"","header-above-stick-meta":"","header-main-stick-meta":"","header-below-stick-meta":"","_joinchat":[],"jetpack_publicize_message":"","jetpack_publicize_feature_enabled":true,"jetpack_social_post_already_shared":true,"jetpack_social_options":{"image_generator_settings":{"template":"highway","default_image_id":0,"font":"","enabled":false},"version":2}},"product_brand":[],"product_cat":[31],"product_tag":[],"class_list":{"0":"post-6976","1":"product","2":"type-product","3":"status-publish","4":"has-post-thumbnail","6":"product_cat-produit","7":"product_shipping_class-8-dt","8":"desktop-align-center","9":"tablet-align-left","10":"mobile-align-left","12":"first","13":"instock","14":"sale","15":"shipping-taxable","16":"purchasable","17":"product-type-simple"},"jetpack_publicize_connections":[],"uagb_featured_image_src":{"full":["https:\/\/www.vgrstore.tn\/wp-content\/uploads\/2026\/02\/1000067397.jpg",800,800,false],"thumbnail":["https:\/\/www.vgrstore.tn\/wp-content\/uploads\/2026\/02\/1000067397-150x150.jpg",150,150,true],"medium":["https:\/\/www.vgrstore.tn\/wp-content\/uploads\/2026\/02\/1000067397-300x300.jpg",300,300,true],"medium_large":["https:\/\/www.vgrstore.tn\/wp-content\/uploads\/2026\/02\/1000067397-768x768.jpg",768,768,true],"large":["https:\/\/www.vgrstore.tn\/wp-content\/uploads\/2026\/02\/1000067397.jpg",800,800,false],"1536x1536":["https:\/\/www.vgrstore.tn\/wp-content\/uploads\/2026\/02\/1000067397.jpg",800,800,false],"2048x2048":["https:\/\/www.vgrstore.tn\/wp-content\/uploads\/2026\/02\/1000067397.jpg",800,800,false],"woocommerce_thumbnail":["https:\/\/www.vgrstore.tn\/wp-content\/uploads\/2026\/02\/1000067397-300x300.jpg",300,300,true],"woocommerce_single":["https:\/\/www.vgrstore.tn\/wp-content\/uploads\/2026\/02\/1000067397-600x600.jpg",600,600,true],"woocommerce_gallery_thumbnail":["https:\/\/www.vgrstore.tn\/wp-content\/uploads\/2026\/02\/1000067397-100x100.jpg",100,100,true]},"uagb_author_info":{"display_name":"admin5942","author_link":"https:\/\/www.vgrstore.tn\/index.php\/author\/"},"uagb_comment_info":0,"uagb_excerpt":"Rouleau Papiers \u00e0 Cou 500 pi\u00e8ces &#8211; Outils Coiffure et Soins Barbe","jetpack_sharing_enabled":true,"jetpack_likes_enabled":true,"_links":{"self":[{"href":"https:\/\/www.vgrstore.tn\/index.php\/wp-json\/wp\/v2\/product\/6976","targetHints":{"allow":["GET"]}}],"collection":[{"href":"https:\/\/www.vgrstore.tn\/index.php\/wp-json\/wp\/v2\/product"}],"about":[{"href":"https:\/\/www.vgrstore.tn\/index.php\/wp-json\/wp\/v2\/types\/product"}],"replies":[{"embeddable":true,"href":"https:\/\/www.vgrstore.tn\/index.php\/wp-json\/wp\/v2\/comments?post=6976"}],"wp:featuredmedia":[{"embeddable":true,"href":"https:\/\/www.vgrstore.tn\/index.php\/wp-json\/wp\/v2\/media\/6975"}],"wp:attachment":[{"href":"https:\/\/www.vgrstore.tn\/index.php\/wp-json\/wp\/v2\/media?parent=6976"}],"wp:term":[{"taxonomy":"product_brand","embeddable":true,"href":"https:\/\/www.vgrstore.tn\/index.php\/wp-json\/wp\/v2\/product_brand?post=6976"},{"taxonomy":"product_cat","embeddable":true,"href":"https:\/\/www.vgrstore.tn\/index.php\/wp-json\/wp\/v2\/product_cat?post=6976"},{"taxonomy":"product_tag","embeddable":true,"href":"https:\/\/www.vgrstore.tn\/index.php\/wp-json\/wp\/v2\/product_tag?post=6976"}],"curies":[{"name":"wp","href":"https:\/\/api.w.org\/{rel}","templated":true}]}}