{"id":6258,"date":"2025-09-09T07:49:01","date_gmt":"2025-09-09T05:49:01","guid":{"rendered":"https:\/\/www.vgrstore.tn\/index.php\/product\/kemei-2299-tondeuse-a-cheveux-professionnelle-sans-fil-version-usa\/"},"modified":"2026-04-21T10:07:41","modified_gmt":"2026-04-21T08:07:41","slug":"kemei-2299-tondeuse-a-cheveux-professionnelle-sans-fil-version-usa","status":"publish","type":"product","link":"https:\/\/www.vgrstore.tn\/index.php\/product\/kemei-2299-tondeuse-a-cheveux-professionnelle-sans-fil-version-usa\/","title":{"rendered":"Kemei 2299 Tondeuse \u00c0 Cheveux Professionnelle Sans Fil"},"content":{"rendered":"<p>Couleur : Noir<br \/>\nType de cheveux : Tous<br \/>\nPoids de l&rsquo;article : 500 Grammes<br \/>\nMod\u00e8le : KM-2299<br \/>\nSource d&rsquo;alimentation : Aliment\u00e9 par batterie<br \/>\nMat\u00e9riau : Plastique, M\u00e9tal<br \/>\nDimensions de l&rsquo;article : L x l x H : 15 x 4 x 3 centim\u00e8tres<br \/>\nMat\u00e9riau de la lame : Acier inoxydable \u00e0 haute teneur en carbone<br \/>\nMode de fonctionnement de lames : Lames minces 7000 \u00e0 7300 tr\/min<br \/>\nCharge : puissance de charge: 5W , connecter par charge usb 5v=1A<br \/>\nType de la batterie : 1200mAh<br \/>\nTemps de charge : environ 180 minutes<br \/>\nTemps de fonctionnement : 3 heures<br \/>\nVoltage de moteur : 3.7 V<br \/>\nNombre de pi\u00e8ces :<br \/>\n3 x peignes limites (1MM \/2MM\/3MM )<br \/>\n1 x tondeuse<br \/>\n1 x brosse<br \/>\n1 x c\u00e2ble de charge<br \/>\nKemei 2299 Tondeuse \u00c0 Cheveux Professionnelle Sans Fil doit \u00eatre achet\u00e9 par multiple de 1<\/p>\n","protected":false},"excerpt":{"rendered":"<p>Couleur : Noir Type de cheveux : Tous Poids de l&rsquo;article : 500 Grammes Mod\u00e8le : KM-2299 Source d&rsquo;alimentation : Aliment\u00e9 par batterie Mat\u00e9riau : Plastique, M\u00e9tal Dimensions de l&rsquo;article : L x l x H : 15 x 4 x 3 centim\u00e8tres Mat\u00e9riau de la lame : Acier inoxydable \u00e0 haute teneur en carbone [&hellip;]<\/p>\n","protected":false},"featured_media":6257,"comment_status":"open","ping_status":"closed","template":"","meta":{"_uag_custom_page_level_css":"","site-sidebar-layout":"default","site-content-layout":"","ast-site-content-layout":"default","site-content-style":"default","site-sidebar-style":"default","ast-global-header-display":"","ast-banner-title-visibility":"","ast-main-header-display":"","ast-hfb-above-header-display":"","ast-hfb-below-header-display":"","ast-hfb-mobile-header-display":"","site-post-title":"","ast-breadcrumbs-content":"","ast-featured-img":"","footer-sml-layout":"","ast-disable-related-posts":"","theme-transparent-header-meta":"","adv-header-id-meta":"","stick-header-meta":"","header-above-stick-meta":"","header-main-stick-meta":"","header-below-stick-meta":"","astra-migrate-meta-layouts":"default","ast-page-background-enabled":"default","ast-page-background-meta":{"desktop":{"background-color":"var(--ast-global-color-4)","background-image":"","background-repeat":"repeat","background-position":"center center","background-size":"auto","background-attachment":"scroll","background-type":"","background-media":"","overlay-type":"","overlay-color":"","overlay-opacity":"","overlay-gradient":""},"tablet":{"background-color":"","background-image":"","background-repeat":"repeat","background-position":"center center","background-size":"auto","background-attachment":"scroll","background-type":"","background-media":"","overlay-type":"","overlay-color":"","overlay-opacity":"","overlay-gradient":""},"mobile":{"background-color":"","background-image":"","background-repeat":"repeat","background-position":"center center","background-size":"auto","background-attachment":"scroll","background-type":"","background-media":"","overlay-type":"","overlay-color":"","overlay-opacity":"","overlay-gradient":""}},"ast-content-background-meta":{"desktop":{"background-color":"var(--ast-global-color-5)","background-image":"","background-repeat":"repeat","background-position":"center center","background-size":"auto","background-attachment":"scroll","background-type":"","background-media":"","overlay-type":"","overlay-color":"","overlay-opacity":"","overlay-gradient":""},"tablet":{"background-color":"var(--ast-global-color-5)","background-image":"","background-repeat":"repeat","background-position":"center center","background-size":"auto","background-attachment":"scroll","background-type":"","background-media":"","overlay-type":"","overlay-color":"","overlay-opacity":"","overlay-gradient":""},"mobile":{"background-color":"var(--ast-global-color-5)","background-image":"","background-repeat":"repeat","background-position":"center center","background-size":"auto","background-attachment":"scroll","background-type":"","background-media":"","overlay-type":"","overlay-color":"","overlay-opacity":"","overlay-gradient":""}},"_joinchat":[],"jetpack_publicize_message":"","jetpack_publicize_feature_enabled":true,"jetpack_social_post_already_shared":true,"jetpack_social_options":{"image_generator_settings":{"template":"highway","default_image_id":0,"font":"","enabled":false},"version":2}},"product_brand":[],"product_cat":[33],"product_tag":[],"class_list":{"0":"post-6258","1":"product","2":"type-product","3":"status-publish","4":"has-post-thumbnail","6":"product_cat-pour-la-barbe-","7":"product_shipping_class-9-dt","8":"desktop-align-center","9":"tablet-align-left","10":"mobile-align-left","12":"first","13":"instock","14":"sale","15":"taxable","16":"shipping-taxable","17":"purchasable","18":"product-type-simple"},"jetpack_publicize_connections":[],"uagb_featured_image_src":{"full":["https:\/\/www.vgrstore.tn\/wp-content\/uploads\/2025\/09\/1000029173.jpg",1500,1500,false],"thumbnail":["https:\/\/www.vgrstore.tn\/wp-content\/uploads\/2025\/09\/1000029173-150x150.jpg",150,150,true],"medium":["https:\/\/www.vgrstore.tn\/wp-content\/uploads\/2025\/09\/1000029173-300x300.jpg",300,300,true],"medium_large":["https:\/\/www.vgrstore.tn\/wp-content\/uploads\/2025\/09\/1000029173-768x768.jpg",768,768,true],"large":["https:\/\/www.vgrstore.tn\/wp-content\/uploads\/2025\/09\/1000029173-1024x1024.jpg",1024,1024,true],"1536x1536":["https:\/\/www.vgrstore.tn\/wp-content\/uploads\/2025\/09\/1000029173.jpg",1500,1500,false],"2048x2048":["https:\/\/www.vgrstore.tn\/wp-content\/uploads\/2025\/09\/1000029173.jpg",1500,1500,false],"woocommerce_thumbnail":["https:\/\/www.vgrstore.tn\/wp-content\/uploads\/2025\/09\/1000029173-300x300.jpg",300,300,true],"woocommerce_single":["https:\/\/www.vgrstore.tn\/wp-content\/uploads\/2025\/09\/1000029173-600x600.jpg",600,600,true],"woocommerce_gallery_thumbnail":["https:\/\/www.vgrstore.tn\/wp-content\/uploads\/2025\/09\/1000029173-100x100.jpg",100,100,true]},"uagb_author_info":{"display_name":"admin5942","author_link":"https:\/\/www.vgrstore.tn\/index.php\/author\/"},"uagb_comment_info":0,"uagb_excerpt":"Couleur : Noir Type de cheveux : Tous Poids de l&rsquo;article : 500 Grammes Mod\u00e8le : KM-2299 Source d&rsquo;alimentation : Aliment\u00e9 par batterie Mat\u00e9riau : Plastique, M\u00e9tal Dimensions de l&rsquo;article : L x l x H : 15 x 4 x 3 centim\u00e8tres Mat\u00e9riau de la lame : Acier inoxydable \u00e0 haute teneur en carbone\u2026","jetpack_sharing_enabled":true,"jetpack_likes_enabled":true,"_links":{"self":[{"href":"https:\/\/www.vgrstore.tn\/index.php\/wp-json\/wp\/v2\/product\/6258","targetHints":{"allow":["GET"]}}],"collection":[{"href":"https:\/\/www.vgrstore.tn\/index.php\/wp-json\/wp\/v2\/product"}],"about":[{"href":"https:\/\/www.vgrstore.tn\/index.php\/wp-json\/wp\/v2\/types\/product"}],"replies":[{"embeddable":true,"href":"https:\/\/www.vgrstore.tn\/index.php\/wp-json\/wp\/v2\/comments?post=6258"}],"wp:featuredmedia":[{"embeddable":true,"href":"https:\/\/www.vgrstore.tn\/index.php\/wp-json\/wp\/v2\/media\/6257"}],"wp:attachment":[{"href":"https:\/\/www.vgrstore.tn\/index.php\/wp-json\/wp\/v2\/media?parent=6258"}],"wp:term":[{"taxonomy":"product_brand","embeddable":true,"href":"https:\/\/www.vgrstore.tn\/index.php\/wp-json\/wp\/v2\/product_brand?post=6258"},{"taxonomy":"product_cat","embeddable":true,"href":"https:\/\/www.vgrstore.tn\/index.php\/wp-json\/wp\/v2\/product_cat?post=6258"},{"taxonomy":"product_tag","embeddable":true,"href":"https:\/\/www.vgrstore.tn\/index.php\/wp-json\/wp\/v2\/product_tag?post=6258"}],"curies":[{"name":"wp","href":"https:\/\/api.w.org\/{rel}","templated":true}]}}