{"id":5833,"date":"2025-04-29T21:52:46","date_gmt":"2025-04-29T19:52:46","guid":{"rendered":"https:\/\/www.vgrstore.tn\/index.php\/product\/vgr-906-tondeuse-a-cheveux-professionnelle-906-fresh-fade-9000-tr-min-rechargeable-par-usb-vert-2\/"},"modified":"2026-04-21T10:00:43","modified_gmt":"2026-04-21T08:00:43","slug":"vgr-906-tondeuse-a-cheveux-professionnelle-906-fresh-fade-9000-tr-min-rechargeable-par-usb-vert-2","status":"publish","type":"product","link":"https:\/\/www.vgrstore.tn\/index.php\/product\/vgr-906-tondeuse-a-cheveux-professionnelle-906-fresh-fade-9000-tr-min-rechargeable-par-usb-vert-2\/","title":{"rendered":"VGR 906 Tondeuse \u00e0 cheveux professionnelle 906 Fresh Fade &#8211; 9000 tr\/min  Rechargeable par USB &#8211; vert"},"content":{"rendered":"<p>Lames en acier au carbone DLC : la tondeuse VGR dispose d&rsquo;un design en T et d&rsquo;un mat\u00e9riau en acier au carbone DLC pour des coupes de 0 mm sans tirer les cheveux. La lame reste froide m\u00eame apr\u00e8s une utilisation prolong\u00e9e, et le chanfrein en forme de R vous permet de sculpter les coiffures avec pr\u00e9cision sans endommager la peau<br \/>\nMoteurs professionnels 9000 tr\/min : notre tondeuse de barbier, fonctionne \u00e0 une impressionnante 9000 tr\/min, ajuste la puissance en fonction de la r\u00e9sistance de la lame et coupe \u00e0 une vitesse constante. Convient sans effort \u00e0 tous les types de cheveux, y compris la t\u00eate, la barbe, le corps et la moustache, assurant un toilettage polyvalent et efficace<br \/>\nLongue dur\u00e9e de vie rechargeable : batterie lithium-ion rechargeable de 2000 mAh pour jusqu&rsquo;\u00e0 240 minutes d&rsquo;utilisation continue, port de charge de type C et affichage num\u00e9rique de l&rsquo;alimentation pour une utilisation quotidienne pratique. Compatible avec une tension globale de 110 V-240 V, vous pouvez l&rsquo;utiliser en toute confiance o\u00f9 que vous soyez<br \/>\nLe kit de tondeuse comprend : 1 tondeuse, 1 huile, 1 brosse, 3 peignes de guidage (1\/2\/3 mm), 1 c\u00e2ble de charge et 1 protecteur de lame. Cette tondeuse \u00e0 cheveux est le cadeau parfait pour un \u00eatre cher pendant les vacances ou \u00e0 tout moment de l&rsquo;ann\u00e9e<\/p>\n","protected":false},"excerpt":{"rendered":"<p>Lames en acier au carbone DLC : la tondeuse VGR dispose d&rsquo;un design en T et d&rsquo;un mat\u00e9riau en acier au carbone DLC pour des coupes de 0 mm sans tirer les cheveux. La lame reste froide m\u00eame apr\u00e8s une utilisation prolong\u00e9e, et le chanfrein en forme de R vous permet de sculpter les coiffures [&hellip;]<\/p>\n","protected":false},"featured_media":5830,"comment_status":"open","ping_status":"closed","template":"","meta":{"_uag_custom_page_level_css":"","site-sidebar-layout":"default","site-content-layout":"","ast-site-content-layout":"default","site-content-style":"default","site-sidebar-style":"default","ast-global-header-display":"","ast-banner-title-visibility":"","ast-main-header-display":"","ast-hfb-above-header-display":"","ast-hfb-below-header-display":"","ast-hfb-mobile-header-display":"","site-post-title":"","ast-breadcrumbs-content":"","ast-featured-img":"","footer-sml-layout":"","ast-disable-related-posts":"","theme-transparent-header-meta":"","adv-header-id-meta":"","stick-header-meta":"","header-above-stick-meta":"","header-main-stick-meta":"","header-below-stick-meta":"","astra-migrate-meta-layouts":"default","ast-page-background-enabled":"default","ast-page-background-meta":{"desktop":{"background-color":"var(--ast-global-color-4)","background-image":"","background-repeat":"repeat","background-position":"center center","background-size":"auto","background-attachment":"scroll","background-type":"","background-media":"","overlay-type":"","overlay-color":"","overlay-opacity":"","overlay-gradient":""},"tablet":{"background-color":"","background-image":"","background-repeat":"repeat","background-position":"center center","background-size":"auto","background-attachment":"scroll","background-type":"","background-media":"","overlay-type":"","overlay-color":"","overlay-opacity":"","overlay-gradient":""},"mobile":{"background-color":"","background-image":"","background-repeat":"repeat","background-position":"center center","background-size":"auto","background-attachment":"scroll","background-type":"","background-media":"","overlay-type":"","overlay-color":"","overlay-opacity":"","overlay-gradient":""}},"ast-content-background-meta":{"desktop":{"background-color":"var(--ast-global-color-5)","background-image":"","background-repeat":"repeat","background-position":"center center","background-size":"auto","background-attachment":"scroll","background-type":"","background-media":"","overlay-type":"","overlay-color":"","overlay-opacity":"","overlay-gradient":""},"tablet":{"background-color":"var(--ast-global-color-5)","background-image":"","background-repeat":"repeat","background-position":"center center","background-size":"auto","background-attachment":"scroll","background-type":"","background-media":"","overlay-type":"","overlay-color":"","overlay-opacity":"","overlay-gradient":""},"mobile":{"background-color":"var(--ast-global-color-5)","background-image":"","background-repeat":"repeat","background-position":"center center","background-size":"auto","background-attachment":"scroll","background-type":"","background-media":"","overlay-type":"","overlay-color":"","overlay-opacity":"","overlay-gradient":""}},"_joinchat":[],"jetpack_publicize_message":"","jetpack_publicize_feature_enabled":true,"jetpack_social_post_already_shared":true,"jetpack_social_options":{"image_generator_settings":{"template":"highway","default_image_id":0,"font":"","enabled":false},"version":2}},"product_brand":[],"product_cat":[33,31,20],"product_tag":[],"class_list":{"0":"post-5833","1":"product","2":"type-product","3":"status-publish","4":"has-post-thumbnail","6":"product_cat-pour-la-barbe-","7":"product_cat-produit","8":"product_cat-promotion","9":"product_shipping_class-9-dt","10":"desktop-align-center","11":"tablet-align-left","12":"mobile-align-left","14":"first","15":"instock","16":"sale","17":"taxable","18":"shipping-taxable","19":"purchasable","20":"product-type-simple"},"jetpack_publicize_connections":[],"uagb_featured_image_src":{"full":["https:\/\/www.vgrstore.tn\/wp-content\/uploads\/2025\/04\/1000018722.jpg",1079,1075,false],"thumbnail":["https:\/\/www.vgrstore.tn\/wp-content\/uploads\/2025\/04\/1000018722-150x150.jpg",150,150,true],"medium":["https:\/\/www.vgrstore.tn\/wp-content\/uploads\/2025\/04\/1000018722-300x300.jpg",300,300,true],"medium_large":["https:\/\/www.vgrstore.tn\/wp-content\/uploads\/2025\/04\/1000018722-768x765.jpg",768,765,true],"large":["https:\/\/www.vgrstore.tn\/wp-content\/uploads\/2025\/04\/1000018722-1024x1020.jpg",1024,1020,true],"1536x1536":["https:\/\/www.vgrstore.tn\/wp-content\/uploads\/2025\/04\/1000018722.jpg",1079,1075,false],"2048x2048":["https:\/\/www.vgrstore.tn\/wp-content\/uploads\/2025\/04\/1000018722.jpg",1079,1075,false],"woocommerce_thumbnail":["https:\/\/www.vgrstore.tn\/wp-content\/uploads\/2025\/04\/1000018722-300x300.jpg",300,300,true],"woocommerce_single":["https:\/\/www.vgrstore.tn\/wp-content\/uploads\/2025\/04\/1000018722-600x598.jpg",600,598,true],"woocommerce_gallery_thumbnail":["https:\/\/www.vgrstore.tn\/wp-content\/uploads\/2025\/04\/1000018722-100x100.jpg",100,100,true]},"uagb_author_info":{"display_name":"admin5942","author_link":"https:\/\/www.vgrstore.tn\/index.php\/author\/"},"uagb_comment_info":0,"uagb_excerpt":"Lames en acier au carbone DLC : la tondeuse VGR dispose d&rsquo;un design en T et d&rsquo;un mat\u00e9riau en acier au carbone DLC pour des coupes de 0 mm sans tirer les cheveux. La lame reste froide m\u00eame apr\u00e8s une utilisation prolong\u00e9e, et le chanfrein en forme de R vous permet de sculpter les coiffures\u2026","jetpack_sharing_enabled":true,"jetpack_likes_enabled":true,"_links":{"self":[{"href":"https:\/\/www.vgrstore.tn\/index.php\/wp-json\/wp\/v2\/product\/5833","targetHints":{"allow":["GET"]}}],"collection":[{"href":"https:\/\/www.vgrstore.tn\/index.php\/wp-json\/wp\/v2\/product"}],"about":[{"href":"https:\/\/www.vgrstore.tn\/index.php\/wp-json\/wp\/v2\/types\/product"}],"replies":[{"embeddable":true,"href":"https:\/\/www.vgrstore.tn\/index.php\/wp-json\/wp\/v2\/comments?post=5833"}],"wp:featuredmedia":[{"embeddable":true,"href":"https:\/\/www.vgrstore.tn\/index.php\/wp-json\/wp\/v2\/media\/5830"}],"wp:attachment":[{"href":"https:\/\/www.vgrstore.tn\/index.php\/wp-json\/wp\/v2\/media?parent=5833"}],"wp:term":[{"taxonomy":"product_brand","embeddable":true,"href":"https:\/\/www.vgrstore.tn\/index.php\/wp-json\/wp\/v2\/product_brand?post=5833"},{"taxonomy":"product_cat","embeddable":true,"href":"https:\/\/www.vgrstore.tn\/index.php\/wp-json\/wp\/v2\/product_cat?post=5833"},{"taxonomy":"product_tag","embeddable":true,"href":"https:\/\/www.vgrstore.tn\/index.php\/wp-json\/wp\/v2\/product_tag?post=5833"}],"curies":[{"name":"wp","href":"https:\/\/api.w.org\/{rel}","templated":true}]}}