{"id":5392,"date":"2025-01-06T15:06:19","date_gmt":"2025-01-06T14:06:19","guid":{"rendered":"https:\/\/www.vgrstore.tn\/index.php\/produit\/vgr-v-001-fade-blade-high-speed-salon-series-tondeuse-a-cheveux-professionnelle\/"},"modified":"2026-02-23T16:22:59","modified_gmt":"2026-02-23T15:22:59","slug":"vgr-v-001-fade-blade-high-speed-salon-series-tondeuse-a-cheveux-professionnelle","status":"publish","type":"product","link":"https:\/\/www.vgrstore.tn\/index.php\/product\/vgr-v-001-fade-blade-high-speed-salon-series-tondeuse-a-cheveux-professionnelle\/","title":{"rendered":"VGR V-001 Fade Blade High-Speed Salon Series Tondeuse \u00e0 cheveux professionnelle &#8211; Noir"},"content":{"rendered":"<p>Repr\u00e9sentation ultra-rapide: Le V-001 de VGR se fanent que la tondeuse de cheveux de lame offre l&rsquo;ex\u00e9cution ultra-rapide avec une dur\u00e9e de fonctionnement maximum de jusqu&rsquo;\u00e0 90 minutes, le rendant id\u00e9al pour l&rsquo;usage fr\u00e9quent dans le message publicitaire, m\u00e9nage, ou les r\u00e9glages de l&rsquo;h\u00f4tel.<br \/>\nCommodit\u00e9 sans fil: Cette tondeuse sans fil est aliment\u00e9e par une batterie de 4200mAh, offrant jusqu&rsquo;\u00e0 260 \u00e0 300 minutes de temps de travail et 3 \u00e0 6 heures de temps de charge, offrant commodit\u00e9 et flexibilit\u00e9 aux utilisateurs.<br \/>\nCoupe de qualit\u00e9 professionnelle: La tondeuse est dot\u00e9e de lames en c\u00e9ramique, disponibles en 5 longueurs de coupe (1\/1). 5\/2\/2.5\/3mm), assurant une coupe pr\u00e9cise et de haute qualit\u00e9 pour une finition professionnelle.<br \/>\nAppui multilingue: Le V-001 de VGR est con\u00e7u pour l&rsquo;usage international, avec des langues fonctionnantes comprenant l&rsquo;anglais, le fran\u00e7ais, et l&rsquo;espagnol, approvisionnant aux utilisateurs dans le monde entier et facilitant la navigation facile.<br \/>\nGarantie et support complets: Le produit est livr\u00e9 avec une garantie d&rsquo;un an, des pi\u00e8ces de rechange gratuites et des services de retour et de remplacement, offrant aux utilisateurs une tranquillit\u00e9 d&rsquo;esprit et un soutien complet<\/p>\n","protected":false},"excerpt":{"rendered":"<p>Repr\u00e9sentation ultra-rapide: Le V-001 de VGR se fanent que la tondeuse de cheveux de lame offre l&rsquo;ex\u00e9cution ultra-rapide avec une dur\u00e9e de fonctionnement maximum de jusqu&rsquo;\u00e0 90 minutes, le rendant id\u00e9al pour l&rsquo;usage fr\u00e9quent dans le message publicitaire, m\u00e9nage, ou les r\u00e9glages de l&rsquo;h\u00f4tel.<br \/>\nCommodit\u00e9 sans fil: Cette tondeuse sans fil est aliment\u00e9e par une batterie de 4200mAh, offrant jusqu&rsquo;\u00e0 260 \u00e0 300 minutes de temps de travail et 3 \u00e0 6 heures de temps de charge, offrant commodit\u00e9 et flexibilit\u00e9 aux utilisateurs.<br \/>\nCoupe de qualit\u00e9 professionnelle: La tondeuse est dot\u00e9e de lames en c\u00e9ramique, disponibles en 5 longueurs de coupe (1\/1). 5\/2\/2.5\/3mm), assurant une coupe pr\u00e9cise et de haute qualit\u00e9 pour une finition professionnelle.<br \/>\nAppui multilingue: Le V-001 de VGR est con\u00e7u pour l&rsquo;usage international, avec des langues fonctionnantes comprenant l&rsquo;anglais, le fran\u00e7ais, et l&rsquo;espagnol, approvisionnant aux utilisateurs dans le monde entier et facilitant la navigation facile.<br \/>\nGarantie et support complets: Le produit est livr\u00e9 avec une garantie d&rsquo;un an, des pi\u00e8ces de rechange gratuites et des services de retour et de remplacement, offrant aux utilisateurs une tranquillit\u00e9 d&rsquo;esprit et un soutien complet<\/p>\n","protected":false},"featured_media":5393,"comment_status":"open","ping_status":"closed","template":"","meta":{"_uag_custom_page_level_css":"","site-sidebar-layout":"default","site-content-layout":"","ast-site-content-layout":"default","site-content-style":"default","site-sidebar-style":"default","ast-global-header-display":"","ast-banner-title-visibility":"","ast-main-header-display":"","ast-hfb-above-header-display":"","ast-hfb-below-header-display":"","ast-hfb-mobile-header-display":"","site-post-title":"","ast-breadcrumbs-content":"","ast-featured-img":"","footer-sml-layout":"","ast-disable-related-posts":"","theme-transparent-header-meta":"","adv-header-id-meta":"","stick-header-meta":"","header-above-stick-meta":"","header-main-stick-meta":"","header-below-stick-meta":"","astra-migrate-meta-layouts":"default","ast-page-background-enabled":"default","ast-page-background-meta":{"desktop":{"background-color":"var(--ast-global-color-4)","background-image":"","background-repeat":"repeat","background-position":"center center","background-size":"auto","background-attachment":"scroll","background-type":"","background-media":"","overlay-type":"","overlay-color":"","overlay-opacity":"","overlay-gradient":""},"tablet":{"background-color":"","background-image":"","background-repeat":"repeat","background-position":"center center","background-size":"auto","background-attachment":"scroll","background-type":"","background-media":"","overlay-type":"","overlay-color":"","overlay-opacity":"","overlay-gradient":""},"mobile":{"background-color":"","background-image":"","background-repeat":"repeat","background-position":"center center","background-size":"auto","background-attachment":"scroll","background-type":"","background-media":"","overlay-type":"","overlay-color":"","overlay-opacity":"","overlay-gradient":""}},"ast-content-background-meta":{"desktop":{"background-color":"var(--ast-global-color-5)","background-image":"","background-repeat":"repeat","background-position":"center center","background-size":"auto","background-attachment":"scroll","background-type":"","background-media":"","overlay-type":"","overlay-color":"","overlay-opacity":"","overlay-gradient":""},"tablet":{"background-color":"var(--ast-global-color-5)","background-image":"","background-repeat":"repeat","background-position":"center center","background-size":"auto","background-attachment":"scroll","background-type":"","background-media":"","overlay-type":"","overlay-color":"","overlay-opacity":"","overlay-gradient":""},"mobile":{"background-color":"var(--ast-global-color-5)","background-image":"","background-repeat":"repeat","background-position":"center center","background-size":"auto","background-attachment":"scroll","background-type":"","background-media":"","overlay-type":"","overlay-color":"","overlay-opacity":"","overlay-gradient":""}},"_joinchat":[],"jetpack_publicize_message":"","jetpack_publicize_feature_enabled":true,"jetpack_social_post_already_shared":true,"jetpack_social_options":{"image_generator_settings":{"template":"highway","default_image_id":0,"font":"","enabled":false},"version":2}},"product_brand":[],"product_cat":[32,20],"product_tag":[],"class_list":{"0":"post-5392","1":"product","2":"type-product","3":"status-publish","4":"has-post-thumbnail","6":"product_cat-pour-les-cheveux-","7":"product_cat-promotion","8":"product_shipping_class-0-dt","9":"desktop-align-center","10":"tablet-align-left","11":"mobile-align-left","13":"first","14":"outofstock","15":"sale","16":"downloadable","17":"taxable","18":"shipping-taxable","19":"purchasable","20":"product-type-simple"},"jetpack_publicize_connections":[],"uagb_featured_image_src":{"full":["https:\/\/www.vgrstore.tn\/wp-content\/uploads\/2025\/01\/71P4xoMDWAL._AC_UF10002C1000_QL80_FMwebp_.jpg",997,1000,false],"thumbnail":["https:\/\/www.vgrstore.tn\/wp-content\/uploads\/2025\/01\/71P4xoMDWAL._AC_UF10002C1000_QL80_FMwebp_-150x150.jpg",150,150,true],"medium":["https:\/\/www.vgrstore.tn\/wp-content\/uploads\/2025\/01\/71P4xoMDWAL._AC_UF10002C1000_QL80_FMwebp_-300x300.jpg",300,300,true],"medium_large":["https:\/\/www.vgrstore.tn\/wp-content\/uploads\/2025\/01\/71P4xoMDWAL._AC_UF10002C1000_QL80_FMwebp_-768x770.jpg",768,770,true],"large":["https:\/\/www.vgrstore.tn\/wp-content\/uploads\/2025\/01\/71P4xoMDWAL._AC_UF10002C1000_QL80_FMwebp_.jpg",997,1000,false],"1536x1536":["https:\/\/www.vgrstore.tn\/wp-content\/uploads\/2025\/01\/71P4xoMDWAL._AC_UF10002C1000_QL80_FMwebp_.jpg",997,1000,false],"2048x2048":["https:\/\/www.vgrstore.tn\/wp-content\/uploads\/2025\/01\/71P4xoMDWAL._AC_UF10002C1000_QL80_FMwebp_.jpg",997,1000,false],"woocommerce_thumbnail":["https:\/\/www.vgrstore.tn\/wp-content\/uploads\/2025\/01\/71P4xoMDWAL._AC_UF10002C1000_QL80_FMwebp_-300x300.jpg",300,300,true],"woocommerce_single":["https:\/\/www.vgrstore.tn\/wp-content\/uploads\/2025\/01\/71P4xoMDWAL._AC_UF10002C1000_QL80_FMwebp_-600x602.jpg",600,602,true],"woocommerce_gallery_thumbnail":["https:\/\/www.vgrstore.tn\/wp-content\/uploads\/2025\/01\/71P4xoMDWAL._AC_UF10002C1000_QL80_FMwebp_-100x100.jpg",100,100,true]},"uagb_author_info":{"display_name":"admin5942","author_link":"https:\/\/www.vgrstore.tn\/index.php\/author\/"},"uagb_comment_info":0,"uagb_excerpt":"Repr\u00e9sentation ultra-rapide: Le V-001 de VGR se fanent que la tondeuse de cheveux de lame offre l'ex\u00e9cution ultra-rapide avec une dur\u00e9e de fonctionnement maximum de jusqu'\u00e0 90 minutes, le rendant id\u00e9al pour l'usage fr\u00e9quent dans le message publicitaire, m\u00e9nage, ou les r\u00e9glages de l'h\u00f4tel. Commodit\u00e9 sans fil: Cette tondeuse sans fil est aliment\u00e9e par une\u2026","jetpack_sharing_enabled":true,"jetpack_likes_enabled":true,"_links":{"self":[{"href":"https:\/\/www.vgrstore.tn\/index.php\/wp-json\/wp\/v2\/product\/5392","targetHints":{"allow":["GET"]}}],"collection":[{"href":"https:\/\/www.vgrstore.tn\/index.php\/wp-json\/wp\/v2\/product"}],"about":[{"href":"https:\/\/www.vgrstore.tn\/index.php\/wp-json\/wp\/v2\/types\/product"}],"replies":[{"embeddable":true,"href":"https:\/\/www.vgrstore.tn\/index.php\/wp-json\/wp\/v2\/comments?post=5392"}],"wp:featuredmedia":[{"embeddable":true,"href":"https:\/\/www.vgrstore.tn\/index.php\/wp-json\/wp\/v2\/media\/5393"}],"wp:attachment":[{"href":"https:\/\/www.vgrstore.tn\/index.php\/wp-json\/wp\/v2\/media?parent=5392"}],"wp:term":[{"taxonomy":"product_brand","embeddable":true,"href":"https:\/\/www.vgrstore.tn\/index.php\/wp-json\/wp\/v2\/product_brand?post=5392"},{"taxonomy":"product_cat","embeddable":true,"href":"https:\/\/www.vgrstore.tn\/index.php\/wp-json\/wp\/v2\/product_cat?post=5392"},{"taxonomy":"product_tag","embeddable":true,"href":"https:\/\/www.vgrstore.tn\/index.php\/wp-json\/wp\/v2\/product_tag?post=5392"}],"curies":[{"name":"wp","href":"https:\/\/api.w.org\/{rel}","templated":true}]}}