{"id":5380,"date":"2025-01-01T14:48:08","date_gmt":"2025-01-01T13:48:08","guid":{"rendered":"https:\/\/www.vgrstore.tn\/index.php\/produit\/vgr-v-981-professional-hair-trimmer-for-men-150-min-runtime-corded-cordless-with-led\/"},"modified":"2026-02-10T11:48:51","modified_gmt":"2026-02-10T10:48:51","slug":"vgr-v-981-professional-hair-trimmer-for-men-150-min-runtime-corded-cordless-with-led","status":"publish","type":"product","link":"https:\/\/www.vgrstore.tn\/index.php\/product\/vgr-v-981-professional-hair-trimmer-for-men-150-min-runtime-corded-cordless-with-led\/","title":{"rendered":"VGR V-981 Professional Hair Trimmer for Men \u2013 150 min Runtime, Corded &amp; Cordless with LED"},"content":{"rendered":"<p>Coupe de pr\u00e9cision &#8211; Comprend des lames en T de pr\u00e9cision pour une coupe nette et lisse.<br \/>\nFonction Turbo &#8211; Comprend un mode turbo pour une puissance de coupe am\u00e9lior\u00e9e.<br \/>\nCharge rapide &#8211; Charge compl\u00e8te en seulement 1,5 heure pour 150 minutes d&#8217;autonomie.<br \/>\nAffichage convivial &#8211; L&#8217;\u00e9cran LED affiche le pourcentage de batterie et l&#8217;indicateur d&#8217;huile.<br \/>\nUtilisation polyvalente &#8211; Convient pour un fonctionnement avec et sans fil.<br \/>\nConception l\u00e9g\u00e8re &#8211; Ne p\u00e8se que 123 grammes pour une manipulation et une maniabilit\u00e9 faciles.<br \/>\nLongueur r\u00e9glable &#8211; Livr\u00e9 avec 3 peignes de guidage (1\/2\/3 mm) pour une coupe personnalisable.<br \/>\nCharge \u00e9cologique &#8211; Le chargement USB Type-C permet des options d&#8217;alimentation pratiques.<br \/>\nS\u00fbr pour tous &#8211; Convient aux adultes et aux enfants de plus de 8 ans sous la surveillance d&#8217;un adulte.<br \/>\nGarantie d&#8217;un an &#8211; B\u00e9n\u00e9ficie d&#8217;une garantie compl\u00e8te pour une tranquillit\u00e9 d&#8217;esprit.<\/p>\n","protected":false},"excerpt":{"rendered":"<p>Coupe de pr\u00e9cision &#8211; Comprend des lames en T de pr\u00e9cision pour une coupe nette et lisse.<br \/>\nFonction Turbo &#8211; Comprend un mode turbo pour une puissance de coupe am\u00e9lior\u00e9e.<br \/>\nCharge rapide &#8211; Charge compl\u00e8te en seulement 1,5 heure pour 150 minutes d&#8217;autonomie.<br \/>\nAffichage convivial &#8211; L&#8217;\u00e9cran LED affiche le pourcentage de batterie et l&#8217;indicateur d&#8217;huile.<br \/>\nUtilisation polyvalente &#8211; Convient pour un fonctionnement avec et sans fil.<br \/>\nConception l\u00e9g\u00e8re &#8211; Ne p\u00e8se que 123 grammes pour une manipulation et une maniabilit\u00e9 faciles.<br \/>\nLongueur r\u00e9glable &#8211; Livr\u00e9 avec 3 peignes de guidage (1\/2\/3 mm) pour une coupe personnalisable.<br \/>\nCharge \u00e9cologique &#8211; Le chargement USB Type-C permet des options d&#8217;alimentation pratiques.<br \/>\nS\u00fbr pour tous &#8211; Convient aux adultes et aux enfants de plus de 8 ans sous la surveillance d&#8217;un adulte.<br \/>\nGarantie d&#8217;un an &#8211; B\u00e9n\u00e9ficie d&#8217;une garantie compl\u00e8te pour une tranquillit\u00e9 d&#8217;esprit.<\/p>\n","protected":false},"featured_media":5375,"comment_status":"open","ping_status":"closed","template":"","meta":{"_uag_custom_page_level_css":"","site-sidebar-layout":"default","site-content-layout":"default","ast-global-header-display":"","ast-main-header-display":"","ast-hfb-above-header-display":"","ast-hfb-below-header-display":"","ast-hfb-mobile-header-display":"","site-post-title":"","ast-breadcrumbs-content":"","ast-featured-img":"","footer-sml-layout":"","theme-transparent-header-meta":"","adv-header-id-meta":"","stick-header-meta":"","header-above-stick-meta":"","header-main-stick-meta":"","header-below-stick-meta":"","_joinchat":[],"jetpack_publicize_message":"","jetpack_publicize_feature_enabled":true,"jetpack_social_post_already_shared":true,"jetpack_social_options":{"image_generator_settings":{"template":"highway","default_image_id":0,"font":"","enabled":false},"version":2}},"product_brand":[],"product_cat":[33,20],"product_tag":[],"class_list":{"0":"post-5380","1":"product","2":"type-product","3":"status-publish","4":"has-post-thumbnail","6":"product_cat-pour-la-barbe-","7":"product_cat-promotion","8":"product_shipping_class-8-dt","9":"desktop-align-center","10":"tablet-align-left","11":"mobile-align-left","13":"first","14":"outofstock","15":"sale","16":"shipping-taxable","17":"purchasable","18":"product-type-simple"},"jetpack_publicize_connections":[],"uagb_featured_image_src":{"full":["https:\/\/www.vgrstore.tn\/wp-content\/uploads\/2025\/01\/Vgr-Waterproof-Men-s-Hair-Clipper-Barbers-Hair-Cutting-Machines.jpg",550,550,false],"thumbnail":["https:\/\/www.vgrstore.tn\/wp-content\/uploads\/2025\/01\/Vgr-Waterproof-Men-s-Hair-Clipper-Barbers-Hair-Cutting-Machines-150x150.jpg",150,150,true],"medium":["https:\/\/www.vgrstore.tn\/wp-content\/uploads\/2025\/01\/Vgr-Waterproof-Men-s-Hair-Clipper-Barbers-Hair-Cutting-Machines-300x300.jpg",300,300,true],"medium_large":["https:\/\/www.vgrstore.tn\/wp-content\/uploads\/2025\/01\/Vgr-Waterproof-Men-s-Hair-Clipper-Barbers-Hair-Cutting-Machines.jpg",550,550,false],"large":["https:\/\/www.vgrstore.tn\/wp-content\/uploads\/2025\/01\/Vgr-Waterproof-Men-s-Hair-Clipper-Barbers-Hair-Cutting-Machines.jpg",550,550,false],"1536x1536":["https:\/\/www.vgrstore.tn\/wp-content\/uploads\/2025\/01\/Vgr-Waterproof-Men-s-Hair-Clipper-Barbers-Hair-Cutting-Machines.jpg",550,550,false],"2048x2048":["https:\/\/www.vgrstore.tn\/wp-content\/uploads\/2025\/01\/Vgr-Waterproof-Men-s-Hair-Clipper-Barbers-Hair-Cutting-Machines.jpg",550,550,false],"woocommerce_thumbnail":["https:\/\/www.vgrstore.tn\/wp-content\/uploads\/2025\/01\/Vgr-Waterproof-Men-s-Hair-Clipper-Barbers-Hair-Cutting-Machines-300x300.jpg",300,300,true],"woocommerce_single":["https:\/\/www.vgrstore.tn\/wp-content\/uploads\/2025\/01\/Vgr-Waterproof-Men-s-Hair-Clipper-Barbers-Hair-Cutting-Machines.jpg",550,550,false],"woocommerce_gallery_thumbnail":["https:\/\/www.vgrstore.tn\/wp-content\/uploads\/2025\/01\/Vgr-Waterproof-Men-s-Hair-Clipper-Barbers-Hair-Cutting-Machines-100x100.jpg",100,100,true]},"uagb_author_info":{"display_name":"admin5942","author_link":"https:\/\/www.vgrstore.tn\/index.php\/author\/"},"uagb_comment_info":0,"uagb_excerpt":"Coupe de pr\u00e9cision - Comprend des lames en T de pr\u00e9cision pour une coupe nette et lisse. Fonction Turbo - Comprend un mode turbo pour une puissance de coupe am\u00e9lior\u00e9e. Charge rapide - Charge compl\u00e8te en seulement 1,5 heure pour 150 minutes d'autonomie. Affichage convivial - L'\u00e9cran LED affiche le pourcentage de batterie et l'indicateur&hellip;","jetpack_sharing_enabled":true,"jetpack_likes_enabled":true,"_links":{"self":[{"href":"https:\/\/www.vgrstore.tn\/index.php\/wp-json\/wp\/v2\/product\/5380","targetHints":{"allow":["GET"]}}],"collection":[{"href":"https:\/\/www.vgrstore.tn\/index.php\/wp-json\/wp\/v2\/product"}],"about":[{"href":"https:\/\/www.vgrstore.tn\/index.php\/wp-json\/wp\/v2\/types\/product"}],"replies":[{"embeddable":true,"href":"https:\/\/www.vgrstore.tn\/index.php\/wp-json\/wp\/v2\/comments?post=5380"}],"wp:featuredmedia":[{"embeddable":true,"href":"https:\/\/www.vgrstore.tn\/index.php\/wp-json\/wp\/v2\/media\/5375"}],"wp:attachment":[{"href":"https:\/\/www.vgrstore.tn\/index.php\/wp-json\/wp\/v2\/media?parent=5380"}],"wp:term":[{"taxonomy":"product_brand","embeddable":true,"href":"https:\/\/www.vgrstore.tn\/index.php\/wp-json\/wp\/v2\/product_brand?post=5380"},{"taxonomy":"product_cat","embeddable":true,"href":"https:\/\/www.vgrstore.tn\/index.php\/wp-json\/wp\/v2\/product_cat?post=5380"},{"taxonomy":"product_tag","embeddable":true,"href":"https:\/\/www.vgrstore.tn\/index.php\/wp-json\/wp\/v2\/product_tag?post=5380"}],"curies":[{"name":"wp","href":"https:\/\/api.w.org\/{rel}","templated":true}]}}